{"id":984,"date":"2023-08-15T20:47:50","date_gmt":"2023-08-15T20:47:50","guid":{"rendered":"https:\/\/franciscolizarbe.com\/?page_id=984"},"modified":"2024-10-08T02:52:54","modified_gmt":"2024-10-08T02:52:54","slug":"branding-e-identidad-corporativa","status":"publish","type":"page","link":"https:\/\/franciscolizarbe.com\/es\/branding-e-identidad-corporativa\/","title":{"rendered":"Branding e Identidad Corporativa"},"content":{"rendered":"\t\t<div data-elementor-type=\"wp-page\" data-elementor-id=\"984\" class=\"elementor elementor-984\" data-elementor-post-type=\"page\">\n\t\t\t\t\t\t<section class=\"elementor-section elementor-top-section elementor-element elementor-element-0341d3d elementor-section-boxed elementor-section-height-default elementor-section-height-default\" data-id=\"0341d3d\" data-element_type=\"section\" data-settings=\"{&quot;background_background&quot;:&quot;classic&quot;}\">\n\t\t\t\t\t\t\t<div class=\"elementor-background-overlay\"><\/div>\n\t\t\t\t\t\t\t<div class=\"elementor-container elementor-column-gap-default\">\n\t\t\t\t\t<div class=\"elementor-column elementor-col-50 elementor-top-column elementor-element elementor-element-8597074 animated-slow elementor-invisible\" data-id=\"8597074\" data-element_type=\"column\" data-settings=\"{&quot;animation&quot;:&quot;fadeIn&quot;}\">\n\t\t\t<div class=\"elementor-widget-wrap elementor-element-populated\">\n\t\t\t\t\t\t<div class=\"elementor-element elementor-element-04e3753 elementor-widget elementor-widget-text-editor\" data-id=\"04e3753\" data-element_type=\"widget\" data-widget_type=\"text-editor.default\">\n\t\t\t\t<div class=\"elementor-widget-container\">\n\t\t\t\t\t\t\t\t\t<p>BRANDING E IDENTIDAD COPORTATIVA<\/p>\t\t\t\t\t\t\t\t<\/div>\n\t\t\t\t<\/div>\n\t\t\t\t<div class=\"elementor-element elementor-element-2a248db elementor-widget elementor-widget-heading\" data-id=\"2a248db\" data-element_type=\"widget\" data-widget_type=\"heading.default\">\n\t\t\t\t<div class=\"elementor-widget-container\">\n\t\t\t\t\t<h1 class=\"elementor-heading-title elementor-size-default\">Lograr\u00e9 Que Tu Marca Hable Por S\u00ed Sola, Convirti\u00e9ndola En Un Caso De \u00c9xito.  \n\n<\/h1>\t\t\t\t<\/div>\n\t\t\t\t<\/div>\n\t\t\t\t<div class=\"elementor-element elementor-element-0d8722a elementor-widget elementor-widget-text-editor\" data-id=\"0d8722a\" data-element_type=\"widget\" data-widget_type=\"text-editor.default\">\n\t\t\t\t<div class=\"elementor-widget-container\">\n\t\t\t\t\t\t\t\t\t<p>El objetivo es hacerte ver como la primera soluci\u00f3n para tu p\u00fablico. Me apasiona gestionar estrategias basadas en valores y experiencias propias para hacer de tu marca una propuesta con personalidad\u00a0 y aut\u00e9ntica imagen corporativa profesional.<\/p>\t\t\t\t\t\t\t\t<\/div>\n\t\t\t\t<\/div>\n\t\t\t\t\t<\/div>\n\t\t<\/div>\n\t\t\t\t<div class=\"elementor-column elementor-col-50 elementor-top-column elementor-element elementor-element-8dc2b33 animated-slow elementor-invisible\" data-id=\"8dc2b33\" data-element_type=\"column\" data-settings=\"{&quot;animation&quot;:&quot;fadeInRight&quot;}\">\n\t\t\t<div class=\"elementor-widget-wrap elementor-element-populated\">\n\t\t\t\t\t\t<div class=\"elementor-element elementor-element-7b295a7 elementor-widget elementor-widget-image\" data-id=\"7b295a7\" data-element_type=\"widget\" data-widget_type=\"image.default\">\n\t\t\t\t<div class=\"elementor-widget-container\">\n\t\t\t\t\t\t\t\t\t\t\t\t\t\t\t<img fetchpriority=\"high\" decoding=\"async\" width=\"800\" height=\"621\" src=\"https:\/\/franciscolizarbe.com\/wp-content\/uploads\/2023\/08\/tp238-rm355-02-mockup.webp\" class=\"attachment-large size-large wp-image-1314\" alt=\"\" srcset=\"https:\/\/franciscolizarbe.com\/wp-content\/uploads\/2023\/08\/tp238-rm355-02-mockup.webp 1000w, https:\/\/franciscolizarbe.com\/wp-content\/uploads\/2023\/08\/tp238-rm355-02-mockup-300x233.webp 300w, https:\/\/franciscolizarbe.com\/wp-content\/uploads\/2023\/08\/tp238-rm355-02-mockup-768x596.webp 768w, https:\/\/franciscolizarbe.com\/wp-content\/uploads\/2023\/08\/tp238-rm355-02-mockup-15x12.webp 15w\" sizes=\"(max-width: 800px) 100vw, 800px\" \/>\t\t\t\t\t\t\t\t\t\t\t\t\t\t\t<\/div>\n\t\t\t\t<\/div>\n\t\t\t\t\t<\/div>\n\t\t<\/div>\n\t\t\t\t\t<\/div>\n\t\t<\/section>\n\t\t\t\t<section class=\"elementor-section elementor-top-section elementor-element elementor-element-6f0c04b animated-slow elementor-section-boxed elementor-section-height-default elementor-section-height-default elementor-invisible\" data-id=\"6f0c04b\" data-element_type=\"section\" data-settings=\"{&quot;background_background&quot;:&quot;classic&quot;,&quot;animation&quot;:&quot;fadeIn&quot;}\">\n\t\t\t\t\t\t\t<div class=\"elementor-background-overlay\"><\/div>\n\t\t\t\t\t\t\t<div class=\"elementor-container elementor-column-gap-default\">\n\t\t\t\t\t<div class=\"elementor-column elementor-col-100 elementor-top-column elementor-element elementor-element-7f716b2\" data-id=\"7f716b2\" data-element_type=\"column\">\n\t\t\t<div class=\"elementor-widget-wrap elementor-element-populated\">\n\t\t\t\t\t\t<section class=\"elementor-section elementor-inner-section elementor-element elementor-element-c030137 elementor-section-boxed elementor-section-height-default elementor-section-height-default\" data-id=\"c030137\" data-element_type=\"section\">\n\t\t\t\t\t\t<div class=\"elementor-container elementor-column-gap-default\">\n\t\t\t\t\t<div class=\"elementor-column elementor-col-50 elementor-inner-column elementor-element elementor-element-c4fa8ce elementor-hidden-mobile\" data-id=\"c4fa8ce\" data-element_type=\"column\">\n\t\t\t<div class=\"elementor-widget-wrap elementor-element-populated\">\n\t\t\t\t\t\t<div class=\"elementor-element elementor-element-a625924 animated-slow elementor-hidden-mobile elementor-invisible elementor-widget elementor-widget-image\" data-id=\"a625924\" data-element_type=\"widget\" data-settings=\"{&quot;_animation&quot;:&quot;fadeIn&quot;}\" data-widget_type=\"image.default\">\n\t\t\t\t<div class=\"elementor-widget-container\">\n\t\t\t\t\t\t\t\t\t\t\t\t\t\t\t<img decoding=\"async\" width=\"800\" height=\"491\" src=\"https:\/\/franciscolizarbe.com\/wp-content\/uploads\/2023\/08\/logos-6543.svg\" class=\"attachment-large size-large wp-image-1318\" alt=\"\" \/>\t\t\t\t\t\t\t\t\t\t\t\t\t\t\t<\/div>\n\t\t\t\t<\/div>\n\t\t\t\t\t<\/div>\n\t\t<\/div>\n\t\t\t\t<div class=\"elementor-column elementor-col-50 elementor-inner-column elementor-element elementor-element-eac888c\" data-id=\"eac888c\" data-element_type=\"column\">\n\t\t\t<div class=\"elementor-widget-wrap elementor-element-populated\">\n\t\t\t\t\t\t<div class=\"elementor-element elementor-element-af7b848 elementor-widget elementor-widget-text-editor\" data-id=\"af7b848\" data-element_type=\"widget\" data-widget_type=\"text-editor.default\">\n\t\t\t\t<div class=\"elementor-widget-container\">\n\t\t\t\t\t\t\t\t\t<p>RENU\u00c9VATE<\/p>\t\t\t\t\t\t\t\t<\/div>\n\t\t\t\t<\/div>\n\t\t\t\t<div class=\"elementor-element elementor-element-88ee39c elementor-widget elementor-widget-heading\" data-id=\"88ee39c\" data-element_type=\"widget\" data-widget_type=\"heading.default\">\n\t\t\t\t<div class=\"elementor-widget-container\">\n\t\t\t\t\t<h1 class=\"elementor-heading-title elementor-size-default\">Restablece La Audiencia Y El Mercado De Tu Marca\n\n<\/h1>\t\t\t\t<\/div>\n\t\t\t\t<\/div>\n\t\t\t\t<div class=\"elementor-element elementor-element-9172b43 elementor-widget elementor-widget-text-editor\" data-id=\"9172b43\" data-element_type=\"widget\" data-widget_type=\"text-editor.default\">\n\t\t\t\t<div class=\"elementor-widget-container\">\n\t\t\t\t\t\t\t\t\t<p>Todo nuestro equipo especializado se enfocar\u00e1 en transformar tu historia con una nueva imagen. Finalmente as\u00ed, lograremos que tu marca transmita la esencia que tanto anhelas para ella.<\/p>\t\t\t\t\t\t\t\t<\/div>\n\t\t\t\t<\/div>\n\t\t\t\t<div class=\"elementor-element elementor-element-2209513 animated-slow elementor-hidden-desktop elementor-hidden-tablet elementor-invisible elementor-widget elementor-widget-image\" data-id=\"2209513\" data-element_type=\"widget\" data-settings=\"{&quot;_animation&quot;:&quot;fadeIn&quot;}\" data-widget_type=\"image.default\">\n\t\t\t\t<div class=\"elementor-widget-container\">\n\t\t\t\t\t\t\t\t\t\t\t\t\t\t\t<img decoding=\"async\" width=\"800\" height=\"491\" src=\"https:\/\/franciscolizarbe.com\/wp-content\/uploads\/2023\/08\/logos-6543.svg\" class=\"attachment-large size-large wp-image-1318\" alt=\"\" \/>\t\t\t\t\t\t\t\t\t\t\t\t\t\t\t<\/div>\n\t\t\t\t<\/div>\n\t\t\t\t\t<\/div>\n\t\t<\/div>\n\t\t\t\t\t<\/div>\n\t\t<\/section>\n\t\t\t\t<section class=\"elementor-section elementor-inner-section elementor-element elementor-element-afeb3d3 elementor-section-boxed elementor-section-height-default elementor-section-height-default\" data-id=\"afeb3d3\" data-element_type=\"section\">\n\t\t\t\t\t\t<div class=\"elementor-container elementor-column-gap-default\">\n\t\t\t\t\t<div class=\"elementor-column elementor-col-50 elementor-inner-column elementor-element elementor-element-5ea015e\" data-id=\"5ea015e\" data-element_type=\"column\">\n\t\t\t<div class=\"elementor-widget-wrap elementor-element-populated\">\n\t\t\t\t\t\t<div class=\"elementor-element elementor-element-c222d10 elementor-widget elementor-widget-text-editor\" data-id=\"c222d10\" data-element_type=\"widget\" data-widget_type=\"text-editor.default\">\n\t\t\t\t<div class=\"elementor-widget-container\">\n\t\t\t\t\t\t\t\t\t<p>PASO A PASO<\/p>\t\t\t\t\t\t\t\t<\/div>\n\t\t\t\t<\/div>\n\t\t\t\t<div class=\"elementor-element elementor-element-777c3cd elementor-widget elementor-widget-heading\" data-id=\"777c3cd\" data-element_type=\"widget\" data-widget_type=\"heading.default\">\n\t\t\t\t<div class=\"elementor-widget-container\">\n\t\t\t\t\t<h1 class=\"elementor-heading-title elementor-size-default\">Te Ayudar\u00e9 A:\n\n\n<\/h1>\t\t\t\t<\/div>\n\t\t\t\t<\/div>\n\t\t\t\t<div class=\"elementor-element elementor-element-c56aaa8 elementor-icon-list--layout-traditional elementor-list-item-link-full_width elementor-widget elementor-widget-icon-list\" data-id=\"c56aaa8\" data-element_type=\"widget\" data-widget_type=\"icon-list.default\">\n\t\t\t\t<div class=\"elementor-widget-container\">\n\t\t\t\t\t\t\t<ul class=\"elementor-icon-list-items\">\n\t\t\t\t\t\t\t<li class=\"elementor-icon-list-item\">\n\t\t\t\t\t\t\t\t\t\t\t<span class=\"elementor-icon-list-icon\">\n\t\t\t\t\t\t\t<i aria-hidden=\"true\" class=\"fas fa-check\"><\/i>\t\t\t\t\t\t<\/span>\n\t\t\t\t\t\t\t\t\t\t<span class=\"elementor-icon-list-text\">Destacar tu imagen corporativa.<\/span>\n\t\t\t\t\t\t\t\t\t<\/li>\n\t\t\t\t\t\t\t\t<li class=\"elementor-icon-list-item\">\n\t\t\t\t\t\t\t\t\t\t\t<span class=\"elementor-icon-list-icon\">\n\t\t\t\t\t\t\t<i aria-hidden=\"true\" class=\"fas fa-check\"><\/i>\t\t\t\t\t\t<\/span>\n\t\t\t\t\t\t\t\t\t\t<span class=\"elementor-icon-list-text\">Ampliar el mercado atrayendo a uno m\u00e1s joven.<\/span>\n\t\t\t\t\t\t\t\t\t<\/li>\n\t\t\t\t\t\t\t\t<li class=\"elementor-icon-list-item\">\n\t\t\t\t\t\t\t\t\t\t\t<span class=\"elementor-icon-list-icon\">\n\t\t\t\t\t\t\t<i aria-hidden=\"true\" class=\"fas fa-check\"><\/i>\t\t\t\t\t\t<\/span>\n\t\t\t\t\t\t\t\t\t\t<span class=\"elementor-icon-list-text\">Reflejar la evoluci\u00f3n del negocio.<\/span>\n\t\t\t\t\t\t\t\t\t<\/li>\n\t\t\t\t\t\t\t\t<li class=\"elementor-icon-list-item\">\n\t\t\t\t\t\t\t\t\t\t\t<span class=\"elementor-icon-list-icon\">\n\t\t\t\t\t\t\t<i aria-hidden=\"true\" class=\"fas fa-check\"><\/i>\t\t\t\t\t\t<\/span>\n\t\t\t\t\t\t\t\t\t\t<span class=\"elementor-icon-list-text\">Diferenciarte de la competencia.<\/span>\n\t\t\t\t\t\t\t\t\t<\/li>\n\t\t\t\t\t\t<\/ul>\n\t\t\t\t\t\t<\/div>\n\t\t\t\t<\/div>\n\t\t\t\t\t<\/div>\n\t\t<\/div>\n\t\t\t\t<div class=\"elementor-column elementor-col-50 elementor-inner-column elementor-element elementor-element-e52a6c4\" data-id=\"e52a6c4\" data-element_type=\"column\">\n\t\t\t<div class=\"elementor-widget-wrap elementor-element-populated\">\n\t\t\t\t\t\t<div class=\"elementor-element elementor-element-a2a5dac animated-slow elementor-invisible elementor-widget elementor-widget-image\" data-id=\"a2a5dac\" data-element_type=\"widget\" data-settings=\"{&quot;_animation&quot;:&quot;fadeIn&quot;}\" data-widget_type=\"image.default\">\n\t\t\t\t<div class=\"elementor-widget-container\">\n\t\t\t\t\t\t\t\t\t\t\t\t\t\t\t<img decoding=\"async\" width=\"249\" height=\"180\" src=\"https:\/\/franciscolizarbe.com\/wp-content\/uploads\/2023\/08\/branding-r6543.svg\" class=\"attachment-large size-large wp-image-1328\" alt=\"\" \/>\t\t\t\t\t\t\t\t\t\t\t\t\t\t\t<\/div>\n\t\t\t\t<\/div>\n\t\t\t\t\t<\/div>\n\t\t<\/div>\n\t\t\t\t\t<\/div>\n\t\t<\/section>\n\t\t\t\t\t<\/div>\n\t\t<\/div>\n\t\t\t\t\t<\/div>\n\t\t<\/section>\n\t\t\t\t<section class=\"elementor-section elementor-top-section elementor-element elementor-element-908adb0 animated-slow elementor-section-boxed elementor-section-height-default elementor-section-height-default elementor-invisible\" data-id=\"908adb0\" data-element_type=\"section\" data-settings=\"{&quot;background_background&quot;:&quot;classic&quot;,&quot;animation&quot;:&quot;fadeIn&quot;}\">\n\t\t\t\t\t\t\t<div class=\"elementor-background-overlay\"><\/div>\n\t\t\t\t\t\t\t<div class=\"elementor-container elementor-column-gap-default\">\n\t\t\t\t\t<div class=\"elementor-column elementor-col-100 elementor-top-column elementor-element elementor-element-31f24e6\" data-id=\"31f24e6\" data-element_type=\"column\">\n\t\t\t<div class=\"elementor-widget-wrap elementor-element-populated\">\n\t\t\t\t\t\t<div class=\"elementor-element elementor-element-affcf21 elementor-widget elementor-widget-text-editor\" data-id=\"affcf21\" data-element_type=\"widget\" data-widget_type=\"text-editor.default\">\n\t\t\t\t<div class=\"elementor-widget-container\">\n\t\t\t\t\t\t\t\t\t<p>COMENCEMOS<\/p>\t\t\t\t\t\t\t\t<\/div>\n\t\t\t\t<\/div>\n\t\t\t\t<div class=\"elementor-element elementor-element-64bc5b8 elementor-widget elementor-widget-heading\" data-id=\"64bc5b8\" data-element_type=\"widget\" data-widget_type=\"heading.default\">\n\t\t\t\t<div class=\"elementor-widget-container\">\n\t\t\t\t\t<h1 class=\"elementor-heading-title elementor-size-default\">\u00a1Empecemos a reescribir tu historia!\n\n<\/h1>\t\t\t\t<\/div>\n\t\t\t\t<\/div>\n\t\t\t\t<div class=\"elementor-element elementor-element-61f65e6 elementor-widget elementor-widget-text-editor\" data-id=\"61f65e6\" data-element_type=\"widget\" data-widget_type=\"text-editor.default\">\n\t\t\t\t<div class=\"elementor-widget-container\">\n\t\t\t\t\t\t\t\t\t<p>El branding no tiene que ver con slogan o logotipo, tiene que ver con la personalidad de tu marca.<\/p><p>-Mirna Bard-<\/p>\t\t\t\t\t\t\t\t<\/div>\n\t\t\t\t<\/div>\n\t\t\t\t\t<\/div>\n\t\t<\/div>\n\t\t\t\t\t<\/div>\n\t\t<\/section>\n\t\t\t\t<\/div>\n\t\t","protected":false},"excerpt":{"rendered":"<p>BRANDING E IDENTIDAD COPORTATIVA Lograr\u00e9 Que Tu Marca Hable Por S\u00ed Sola, Convirti\u00e9ndola En Un Caso De \u00c9xito. El objetivo es hacerte ver como la primera soluci\u00f3n para tu p\u00fablico. Me apasiona gestionar estrategias basadas en valores y experiencias propias para hacer de tu marca una propuesta con personalidad\u00a0 y aut\u00e9ntica imagen corporativa profesional. RENU\u00c9VATE [&hellip;]<\/p>\n","protected":false},"author":1,"featured_media":0,"parent":0,"menu_order":0,"comment_status":"closed","ping_status":"closed","template":"elementor_header_footer","meta":{"footnotes":""},"class_list":["post-984","page","type-page","status-publish","hentry"],"yoast_head":"<!-- This site is optimized with the Yoast SEO plugin v23.5 - https:\/\/yoast.com\/wordpress\/plugins\/seo\/ -->\n<title>Branding e Identidad Corporativa - Francisco Lizarbe<\/title>\n<meta name=\"robots\" content=\"index, follow, max-snippet:-1, max-image-preview:large, max-video-preview:-1\" \/>\n<link rel=\"canonical\" href=\"https:\/\/franciscolizarbe.com\/es\/branding-e-identidad-corporativa\/\" \/>\n<meta property=\"og:locale\" content=\"es_ES\" \/>\n<meta property=\"og:type\" content=\"article\" \/>\n<meta property=\"og:title\" content=\"Branding e Identidad Corporativa - Francisco Lizarbe\" \/>\n<meta property=\"og:description\" content=\"BRANDING E IDENTIDAD COPORTATIVA Lograr\u00e9 Que Tu Marca Hable Por S\u00ed Sola, Convirti\u00e9ndola En Un Caso De \u00c9xito. El objetivo es hacerte ver como la primera soluci\u00f3n para tu p\u00fablico. Me apasiona gestionar estrategias basadas en valores y experiencias propias para hacer de tu marca una propuesta con personalidad\u00a0 y aut\u00e9ntica imagen corporativa profesional. RENU\u00c9VATE [&hellip;]\" \/>\n<meta property=\"og:url\" content=\"https:\/\/franciscolizarbe.com\/es\/branding-e-identidad-corporativa\/\" \/>\n<meta property=\"og:site_name\" content=\"Francisco Lizarbe\" \/>\n<meta property=\"article:modified_time\" content=\"2024-10-08T02:52:54+00:00\" \/>\n<meta property=\"og:image\" content=\"https:\/\/franciscolizarbe.com\/wp-content\/uploads\/2023\/08\/tp238-rm355-02-mockup.webp\" \/>\n<meta name=\"twitter:card\" content=\"summary_large_image\" \/>\n<meta name=\"twitter:label1\" content=\"Tiempo de lectura\" \/>\n\t<meta name=\"twitter:data1\" content=\"2 minutos\" \/>\n<script type=\"application\/ld+json\" class=\"yoast-schema-graph\">{\"@context\":\"https:\/\/schema.org\",\"@graph\":[{\"@type\":\"WebPage\",\"@id\":\"https:\/\/franciscolizarbe.com\/branding-e-identidad-corporativa\/\",\"url\":\"https:\/\/franciscolizarbe.com\/branding-e-identidad-corporativa\/\",\"name\":\"Branding e Identidad Corporativa - Francisco Lizarbe\",\"isPartOf\":{\"@id\":\"https:\/\/franciscolizarbe.com\/#website\"},\"primaryImageOfPage\":{\"@id\":\"https:\/\/franciscolizarbe.com\/branding-e-identidad-corporativa\/#primaryimage\"},\"image\":{\"@id\":\"https:\/\/franciscolizarbe.com\/branding-e-identidad-corporativa\/#primaryimage\"},\"thumbnailUrl\":\"https:\/\/franciscolizarbe.com\/wp-content\/uploads\/2023\/08\/tp238-rm355-02-mockup.webp\",\"datePublished\":\"2023-08-15T20:47:50+00:00\",\"dateModified\":\"2024-10-08T02:52:54+00:00\",\"breadcrumb\":{\"@id\":\"https:\/\/franciscolizarbe.com\/branding-e-identidad-corporativa\/#breadcrumb\"},\"inLanguage\":\"es\",\"potentialAction\":[{\"@type\":\"ReadAction\",\"target\":[\"https:\/\/franciscolizarbe.com\/branding-e-identidad-corporativa\/\"]}]},{\"@type\":\"ImageObject\",\"inLanguage\":\"es\",\"@id\":\"https:\/\/franciscolizarbe.com\/branding-e-identidad-corporativa\/#primaryimage\",\"url\":\"https:\/\/franciscolizarbe.com\/wp-content\/uploads\/2023\/08\/tp238-rm355-02-mockup.webp\",\"contentUrl\":\"https:\/\/franciscolizarbe.com\/wp-content\/uploads\/2023\/08\/tp238-rm355-02-mockup.webp\"},{\"@type\":\"BreadcrumbList\",\"@id\":\"https:\/\/franciscolizarbe.com\/branding-e-identidad-corporativa\/#breadcrumb\",\"itemListElement\":[{\"@type\":\"ListItem\",\"position\":1,\"name\":\"Home\",\"item\":\"https:\/\/franciscolizarbe.com\/\"},{\"@type\":\"ListItem\",\"position\":2,\"name\":\"Branding e Identidad Corporativa\"}]},{\"@type\":\"WebSite\",\"@id\":\"https:\/\/franciscolizarbe.com\/#website\",\"url\":\"https:\/\/franciscolizarbe.com\/\",\"name\":\"Francisco Lizarbe\",\"description\":\"\",\"publisher\":{\"@id\":\"https:\/\/franciscolizarbe.com\/#\/schema\/person\/6d1a9e6ed6a4740c9d90a6b09511a56d\"},\"potentialAction\":[{\"@type\":\"SearchAction\",\"target\":{\"@type\":\"EntryPoint\",\"urlTemplate\":\"https:\/\/franciscolizarbe.com\/?s={search_term_string}\"},\"query-input\":{\"@type\":\"PropertyValueSpecification\",\"valueRequired\":true,\"valueName\":\"search_term_string\"}}],\"inLanguage\":\"es\"},{\"@type\":[\"Person\",\"Organization\"],\"@id\":\"https:\/\/franciscolizarbe.com\/#\/schema\/person\/6d1a9e6ed6a4740c9d90a6b09511a56d\",\"name\":\"Francisco Lizarbe\",\"image\":{\"@type\":\"ImageObject\",\"inLanguage\":\"es\",\"@id\":\"https:\/\/franciscolizarbe.com\/#\/schema\/person\/image\/\",\"url\":\"https:\/\/franciscolizarbe.com\/wp-content\/uploads\/2023\/07\/Recurso-1.svg\",\"contentUrl\":\"https:\/\/franciscolizarbe.com\/wp-content\/uploads\/2023\/07\/Recurso-1.svg\",\"width\":84,\"height\":92,\"caption\":\"Francisco Lizarbe\"},\"logo\":{\"@id\":\"https:\/\/franciscolizarbe.com\/#\/schema\/person\/image\/\"},\"sameAs\":[\"https:\/\/franciscolizarbe.com\"]}]}<\/script>\n<!-- \/ Yoast SEO plugin. -->","yoast_head_json":{"title":"Branding e Identidad Corporativa - Francisco Lizarbe","robots":{"index":"index","follow":"follow","max-snippet":"max-snippet:-1","max-image-preview":"max-image-preview:large","max-video-preview":"max-video-preview:-1"},"canonical":"https:\/\/franciscolizarbe.com\/es\/branding-e-identidad-corporativa\/","og_locale":"es_ES","og_type":"article","og_title":"Branding e Identidad Corporativa - Francisco Lizarbe","og_description":"BRANDING E IDENTIDAD COPORTATIVA Lograr\u00e9 Que Tu Marca Hable Por S\u00ed Sola, Convirti\u00e9ndola En Un Caso De \u00c9xito. El objetivo es hacerte ver como la primera soluci\u00f3n para tu p\u00fablico. Me apasiona gestionar estrategias basadas en valores y experiencias propias para hacer de tu marca una propuesta con personalidad\u00a0 y aut\u00e9ntica imagen corporativa profesional. RENU\u00c9VATE [&hellip;]","og_url":"https:\/\/franciscolizarbe.com\/es\/branding-e-identidad-corporativa\/","og_site_name":"Francisco Lizarbe","article_modified_time":"2024-10-08T02:52:54+00:00","og_image":[{"url":"https:\/\/franciscolizarbe.com\/wp-content\/uploads\/2023\/08\/tp238-rm355-02-mockup.webp"}],"twitter_card":"summary_large_image","twitter_misc":{"Tiempo de lectura":"2 minutos"},"schema":{"@context":"https:\/\/schema.org","@graph":[{"@type":"WebPage","@id":"https:\/\/franciscolizarbe.com\/branding-e-identidad-corporativa\/","url":"https:\/\/franciscolizarbe.com\/branding-e-identidad-corporativa\/","name":"Branding e Identidad Corporativa - Francisco Lizarbe","isPartOf":{"@id":"https:\/\/franciscolizarbe.com\/#website"},"primaryImageOfPage":{"@id":"https:\/\/franciscolizarbe.com\/branding-e-identidad-corporativa\/#primaryimage"},"image":{"@id":"https:\/\/franciscolizarbe.com\/branding-e-identidad-corporativa\/#primaryimage"},"thumbnailUrl":"https:\/\/franciscolizarbe.com\/wp-content\/uploads\/2023\/08\/tp238-rm355-02-mockup.webp","datePublished":"2023-08-15T20:47:50+00:00","dateModified":"2024-10-08T02:52:54+00:00","breadcrumb":{"@id":"https:\/\/franciscolizarbe.com\/branding-e-identidad-corporativa\/#breadcrumb"},"inLanguage":"es","potentialAction":[{"@type":"ReadAction","target":["https:\/\/franciscolizarbe.com\/branding-e-identidad-corporativa\/"]}]},{"@type":"ImageObject","inLanguage":"es","@id":"https:\/\/franciscolizarbe.com\/branding-e-identidad-corporativa\/#primaryimage","url":"https:\/\/franciscolizarbe.com\/wp-content\/uploads\/2023\/08\/tp238-rm355-02-mockup.webp","contentUrl":"https:\/\/franciscolizarbe.com\/wp-content\/uploads\/2023\/08\/tp238-rm355-02-mockup.webp"},{"@type":"BreadcrumbList","@id":"https:\/\/franciscolizarbe.com\/branding-e-identidad-corporativa\/#breadcrumb","itemListElement":[{"@type":"ListItem","position":1,"name":"Home","item":"https:\/\/franciscolizarbe.com\/"},{"@type":"ListItem","position":2,"name":"Branding e Identidad Corporativa"}]},{"@type":"WebSite","@id":"https:\/\/franciscolizarbe.com\/#website","url":"https:\/\/franciscolizarbe.com\/","name":"Francisco Lizarbe","description":"","publisher":{"@id":"https:\/\/franciscolizarbe.com\/#\/schema\/person\/6d1a9e6ed6a4740c9d90a6b09511a56d"},"potentialAction":[{"@type":"SearchAction","target":{"@type":"EntryPoint","urlTemplate":"https:\/\/franciscolizarbe.com\/?s={search_term_string}"},"query-input":{"@type":"PropertyValueSpecification","valueRequired":true,"valueName":"search_term_string"}}],"inLanguage":"es"},{"@type":["Person","Organization"],"@id":"https:\/\/franciscolizarbe.com\/#\/schema\/person\/6d1a9e6ed6a4740c9d90a6b09511a56d","name":"Francisco Lizarbe","image":{"@type":"ImageObject","inLanguage":"es","@id":"https:\/\/franciscolizarbe.com\/#\/schema\/person\/image\/","url":"https:\/\/franciscolizarbe.com\/wp-content\/uploads\/2023\/07\/Recurso-1.svg","contentUrl":"https:\/\/franciscolizarbe.com\/wp-content\/uploads\/2023\/07\/Recurso-1.svg","width":84,"height":92,"caption":"Francisco Lizarbe"},"logo":{"@id":"https:\/\/franciscolizarbe.com\/#\/schema\/person\/image\/"},"sameAs":["https:\/\/franciscolizarbe.com"]}]}},"_links":{"self":[{"href":"https:\/\/franciscolizarbe.com\/es\/wp-json\/wp\/v2\/pages\/984"}],"collection":[{"href":"https:\/\/franciscolizarbe.com\/es\/wp-json\/wp\/v2\/pages"}],"about":[{"href":"https:\/\/franciscolizarbe.com\/es\/wp-json\/wp\/v2\/types\/page"}],"author":[{"embeddable":true,"href":"https:\/\/franciscolizarbe.com\/es\/wp-json\/wp\/v2\/users\/1"}],"replies":[{"embeddable":true,"href":"https:\/\/franciscolizarbe.com\/es\/wp-json\/wp\/v2\/comments?post=984"}],"version-history":[{"count":103,"href":"https:\/\/franciscolizarbe.com\/es\/wp-json\/wp\/v2\/pages\/984\/revisions"}],"predecessor-version":[{"id":2427,"href":"https:\/\/franciscolizarbe.com\/es\/wp-json\/wp\/v2\/pages\/984\/revisions\/2427"}],"wp:attachment":[{"href":"https:\/\/franciscolizarbe.com\/es\/wp-json\/wp\/v2\/media?parent=984"}],"curies":[{"name":"wp","href":"https:\/\/api.w.org\/{rel}","templated":true}]}}