{"id":828,"date":"2023-08-13T20:44:37","date_gmt":"2023-08-13T20:44:37","guid":{"rendered":"https:\/\/franciscolizarbe.com\/?page_id=828"},"modified":"2024-10-08T02:56:44","modified_gmt":"2024-10-08T02:56:44","slug":"consultoria-digital","status":"publish","type":"page","link":"https:\/\/franciscolizarbe.com\/en\/consultoria-digital\/","title":{"rendered":"Digital Consulting"},"content":{"rendered":"<div data-elementor-type=\"wp-page\" data-elementor-id=\"828\" class=\"elementor elementor-828\" data-elementor-post-type=\"page\">\n\t\t\t\t\t\t<section class=\"elementor-section elementor-top-section elementor-element elementor-element-a7c35f9 elementor-section-boxed elementor-section-height-default elementor-section-height-default\" data-id=\"a7c35f9\" data-element_type=\"section\" data-e-type=\"section\" data-settings=\"{&quot;background_background&quot;:&quot;classic&quot;}\">\n\t\t\t\t\t\t\t<div class=\"elementor-background-overlay\"><\/div>\n\t\t\t\t\t\t\t<div class=\"elementor-container elementor-column-gap-default\">\n\t\t\t\t\t<div class=\"elementor-column elementor-col-50 elementor-top-column elementor-element elementor-element-511c2b6 animated-slow elementor-invisible\" data-id=\"511c2b6\" data-element_type=\"column\" data-e-type=\"column\" data-settings=\"{&quot;animation&quot;:&quot;fadeInLeft&quot;}\">\n\t\t\t<div class=\"elementor-widget-wrap elementor-element-populated\">\n\t\t\t\t\t\t<div class=\"elementor-element elementor-element-71cc684 elementor-widget elementor-widget-text-editor\" data-id=\"71cc684\" data-element_type=\"widget\" data-e-type=\"widget\" data-widget_type=\"text-editor.default\">\n\t\t\t\t<div class=\"elementor-widget-container\">\n\t\t\t\t\t\t\t\t\t<p>DIGITAL CONSULTING<\/p>\t\t\t\t\t\t\t\t<\/div>\n\t\t\t\t<\/div>\n\t\t\t\t<div class=\"elementor-element elementor-element-4d51f47 elementor-widget elementor-widget-heading\" data-id=\"4d51f47\" data-element_type=\"widget\" data-e-type=\"widget\" data-widget_type=\"heading.default\">\n\t\t\t\t<div class=\"elementor-widget-container\">\n\t\t\t\t\t<h1 class=\"elementor-heading-title elementor-size-default\">I will analyze your digital presence at all levels, such as Web, Email Marketing, Mobile, social networks, among others.<\/h1>\t\t\t\t<\/div>\n\t\t\t\t<\/div>\n\t\t\t\t<div class=\"elementor-element elementor-element-000ad25 elementor-widget elementor-widget-text-editor\" data-id=\"000ad25\" data-element_type=\"widget\" data-e-type=\"widget\" data-widget_type=\"text-editor.default\">\n\t\t\t\t<div class=\"elementor-widget-container\">\n\t\t\t\t\t\t\t\t\t<p>We will carry out a study of the competition, to create strategies that attract your audience more to your products and \/ or services.<\/p>\t\t\t\t\t\t\t\t<\/div>\n\t\t\t\t<\/div>\n\t\t\t\t\t<\/div>\n\t\t<\/div>\n\t\t\t\t<div class=\"elementor-column elementor-col-50 elementor-top-column elementor-element elementor-element-e638385 animated-slow elementor-invisible\" data-id=\"e638385\" data-element_type=\"column\" data-e-type=\"column\" data-settings=\"{&quot;background_background&quot;:&quot;classic&quot;,&quot;animation&quot;:&quot;fadeInRight&quot;}\">\n\t\t\t<div class=\"elementor-widget-wrap elementor-element-populated\">\n\t\t\t\t\t\t<div class=\"elementor-element elementor-element-b7a640d animated-slow elementor-invisible elementor-widget elementor-widget-image\" data-id=\"b7a640d\" data-element_type=\"widget\" data-e-type=\"widget\" data-settings=\"{&quot;_animation&quot;:&quot;zoomIn&quot;}\" data-widget_type=\"image.default\">\n\t\t\t\t<div class=\"elementor-widget-container\">\n\t\t\t\t\t\t\t\t\t\t\t\t\t\t\t<img fetchpriority=\"high\" decoding=\"async\" width=\"800\" height=\"667\" src=\"https:\/\/franciscolizarbe.com\/wp-content\/uploads\/2023\/08\/tool-card-1-1024x854.webp\" class=\"attachment-large size-large wp-image-965\" alt=\"\" srcset=\"https:\/\/franciscolizarbe.com\/wp-content\/uploads\/2023\/08\/tool-card-1-1024x854.webp 1024w, https:\/\/franciscolizarbe.com\/wp-content\/uploads\/2023\/08\/tool-card-1-300x250.webp 300w, https:\/\/franciscolizarbe.com\/wp-content\/uploads\/2023\/08\/tool-card-1-768x641.webp 768w, https:\/\/franciscolizarbe.com\/wp-content\/uploads\/2023\/08\/tool-card-1-14x12.webp 14w, https:\/\/franciscolizarbe.com\/wp-content\/uploads\/2023\/08\/tool-card-1.webp 1424w\" sizes=\"(max-width: 800px) 100vw, 800px\" \/>\t\t\t\t\t\t\t\t\t\t\t\t\t\t\t<\/div>\n\t\t\t\t<\/div>\n\t\t\t\t\t<\/div>\n\t\t<\/div>\n\t\t\t\t\t<\/div>\n\t\t<\/section>\n\t\t\t\t<section class=\"elementor-section elementor-top-section elementor-element elementor-element-b0dc57a animated-slow elementor-section-boxed elementor-section-height-default elementor-section-height-default elementor-invisible\" data-id=\"b0dc57a\" data-element_type=\"section\" data-e-type=\"section\" data-settings=\"{&quot;background_background&quot;:&quot;classic&quot;,&quot;animation&quot;:&quot;fadeIn&quot;}\">\n\t\t\t\t\t\t\t<div class=\"elementor-background-overlay\"><\/div>\n\t\t\t\t\t\t\t<div class=\"elementor-container elementor-column-gap-default\">\n\t\t\t\t\t<div class=\"elementor-column elementor-col-50 elementor-top-column elementor-element elementor-element-b57b46c elementor-hidden-mobile\" data-id=\"b57b46c\" data-element_type=\"column\" data-e-type=\"column\">\n\t\t\t<div class=\"elementor-widget-wrap elementor-element-populated\">\n\t\t\t\t\t\t<div class=\"elementor-element elementor-element-cff54cf animated-slow elementor-hidden-mobile elementor-invisible elementor-widget elementor-widget-image\" data-id=\"cff54cf\" data-element_type=\"widget\" data-e-type=\"widget\" data-settings=\"{&quot;_animation&quot;:&quot;zoomIn&quot;}\" data-widget_type=\"image.default\">\n\t\t\t\t<div class=\"elementor-widget-container\">\n\t\t\t\t\t\t\t\t\t\t\t\t\t\t\t<img decoding=\"async\" width=\"800\" height=\"599\" src=\"https:\/\/franciscolizarbe.com\/wp-content\/uploads\/2023\/08\/Recurso-20@300x-1024x767.webp\" class=\"attachment-large size-large wp-image-1897\" alt=\"\" srcset=\"https:\/\/franciscolizarbe.com\/wp-content\/uploads\/2023\/08\/Recurso-20@300x-1024x767.webp 1024w, https:\/\/franciscolizarbe.com\/wp-content\/uploads\/2023\/08\/Recurso-20@300x-300x225.webp 300w, https:\/\/franciscolizarbe.com\/wp-content\/uploads\/2023\/08\/Recurso-20@300x-768x576.webp 768w, https:\/\/franciscolizarbe.com\/wp-content\/uploads\/2023\/08\/Recurso-20@300x-1536x1151.webp 1536w, https:\/\/franciscolizarbe.com\/wp-content\/uploads\/2023\/08\/Recurso-20@300x-16x12.webp 16w, https:\/\/franciscolizarbe.com\/wp-content\/uploads\/2023\/08\/Recurso-20@300x.webp 1832w\" sizes=\"(max-width: 800px) 100vw, 800px\" \/>\t\t\t\t\t\t\t\t\t\t\t\t\t\t\t<\/div>\n\t\t\t\t<\/div>\n\t\t\t\t\t<\/div>\n\t\t<\/div>\n\t\t\t\t<div class=\"elementor-column elementor-col-50 elementor-top-column elementor-element elementor-element-1915a18\" data-id=\"1915a18\" data-element_type=\"column\" data-e-type=\"column\">\n\t\t\t<div class=\"elementor-widget-wrap elementor-element-populated\">\n\t\t\t\t\t\t<div class=\"elementor-element elementor-element-edf32a4 elementor-widget elementor-widget-text-editor\" data-id=\"edf32a4\" data-element_type=\"widget\" data-e-type=\"widget\" data-widget_type=\"text-editor.default\">\n\t\t\t\t<div class=\"elementor-widget-container\">\n\t\t\t\t\t\t\t\t\t<p>DO NOT STAY OUT<\/p>\t\t\t\t\t\t\t\t<\/div>\n\t\t\t\t<\/div>\n\t\t\t\t<div class=\"elementor-element elementor-element-b345c42 elementor-widget elementor-widget-heading\" data-id=\"b345c42\" data-element_type=\"widget\" data-e-type=\"widget\" data-widget_type=\"heading.default\">\n\t\t\t\t<div class=\"elementor-widget-container\">\n\t\t\t\t\t<h1 class=\"elementor-heading-title elementor-size-default\">Being The First Result On Google Is The Key To Success<\/h1>\t\t\t\t<\/div>\n\t\t\t\t<\/div>\n\t\t\t\t<div class=\"elementor-element elementor-element-417dc09 elementor-widget elementor-widget-text-editor\" data-id=\"417dc09\" data-element_type=\"widget\" data-e-type=\"widget\" data-widget_type=\"text-editor.default\">\n\t\t\t\t<div class=\"elementor-widget-container\">\n\t\t\t\t\t\t\t\t\t<p>Today, to achieve better results, it is necessary to be positioned on the Internet. The competition is stronger every day and if your company does not have the necessary tools, it can be left behind.<\/p><p>I will help you identify the problems of your campaigns to then create a\u00a0<b>strategic plan<\/b>\u00a0and provide solutions focused on your\u00a0<b>Marketing objectives.<\/b>In addition, you will know what the results of your channels are and what are the problems that affect your campaign.<\/p>\t\t\t\t\t\t\t\t<\/div>\n\t\t\t\t<\/div>\n\t\t\t\t<div class=\"elementor-element elementor-element-df7232a animated-slow elementor-hidden-desktop elementor-hidden-tablet elementor-invisible elementor-widget elementor-widget-image\" data-id=\"df7232a\" data-element_type=\"widget\" data-e-type=\"widget\" data-settings=\"{&quot;_animation&quot;:&quot;zoomIn&quot;}\" data-widget_type=\"image.default\">\n\t\t\t\t<div class=\"elementor-widget-container\">\n\t\t\t\t\t\t\t\t\t\t\t\t\t\t\t<img decoding=\"async\" width=\"800\" height=\"599\" src=\"https:\/\/franciscolizarbe.com\/wp-content\/uploads\/2023\/08\/Recurso-20@300x-1024x767.webp\" class=\"attachment-large size-large wp-image-1897\" alt=\"\" srcset=\"https:\/\/franciscolizarbe.com\/wp-content\/uploads\/2023\/08\/Recurso-20@300x-1024x767.webp 1024w, https:\/\/franciscolizarbe.com\/wp-content\/uploads\/2023\/08\/Recurso-20@300x-300x225.webp 300w, https:\/\/franciscolizarbe.com\/wp-content\/uploads\/2023\/08\/Recurso-20@300x-768x576.webp 768w, https:\/\/franciscolizarbe.com\/wp-content\/uploads\/2023\/08\/Recurso-20@300x-1536x1151.webp 1536w, https:\/\/franciscolizarbe.com\/wp-content\/uploads\/2023\/08\/Recurso-20@300x-16x12.webp 16w, https:\/\/franciscolizarbe.com\/wp-content\/uploads\/2023\/08\/Recurso-20@300x.webp 1832w\" sizes=\"(max-width: 800px) 100vw, 800px\" \/>\t\t\t\t\t\t\t\t\t\t\t\t\t\t\t<\/div>\n\t\t\t\t<\/div>\n\t\t\t\t\t<\/div>\n\t\t<\/div>\n\t\t\t\t\t<\/div>\n\t\t<\/section>\n\t\t\t\t<section class=\"elementor-section elementor-top-section elementor-element elementor-element-cb29dea animated-slow elementor-section-boxed elementor-section-height-default elementor-section-height-default elementor-invisible\" data-id=\"cb29dea\" data-element_type=\"section\" data-e-type=\"section\" data-settings=\"{&quot;background_background&quot;:&quot;classic&quot;,&quot;animation&quot;:&quot;fadeIn&quot;}\">\n\t\t\t\t\t\t\t<div class=\"elementor-background-overlay\"><\/div>\n\t\t\t\t\t\t\t<div class=\"elementor-container elementor-column-gap-default\">\n\t\t\t\t\t<div class=\"elementor-column elementor-col-100 elementor-top-column elementor-element elementor-element-6c55075\" data-id=\"6c55075\" data-element_type=\"column\" data-e-type=\"column\">\n\t\t\t<div class=\"elementor-widget-wrap elementor-element-populated\">\n\t\t\t\t\t\t<div class=\"elementor-element elementor-element-9af2ec6 elementor-widget elementor-widget-text-editor\" data-id=\"9af2ec6\" data-element_type=\"widget\" data-e-type=\"widget\" data-widget_type=\"text-editor.default\">\n\t\t\t\t<div class=\"elementor-widget-container\">\n\t\t\t\t\t\t\t\t\t<p>ANALYZE YOUR BUSINESS<\/p>\t\t\t\t\t\t\t\t<\/div>\n\t\t\t\t<\/div>\n\t\t\t\t<div class=\"elementor-element elementor-element-1b3e7c2 elementor-widget elementor-widget-heading\" data-id=\"1b3e7c2\" data-element_type=\"widget\" data-e-type=\"widget\" data-widget_type=\"heading.default\">\n\t\t\t\t<div class=\"elementor-widget-container\">\n\t\t\t\t\t<h1 class=\"elementor-heading-title elementor-size-default\">Why use a Digital Consulting and Audit service?<\/h1>\t\t\t\t<\/div>\n\t\t\t\t<\/div>\n\t\t\t\t<div class=\"elementor-element elementor-element-3fc5a88 elementor-widget elementor-widget-text-editor\" data-id=\"3fc5a88\" data-element_type=\"widget\" data-e-type=\"widget\" data-widget_type=\"text-editor.default\">\n\t\t\t\t<div class=\"elementor-widget-container\">\n\t\t\t\t\t\t\t\t\t<p>Currently, the competition is getting stronger every day and if your brand is not on the Internet, it is likely that you will not have the desired success. For this reason I offer you the\u00a0<b>Digital Consulting and Audit service.<\/b>.<\/p>\t\t\t\t\t\t\t\t<\/div>\n\t\t\t\t<\/div>\n\t\t\t\t\t<\/div>\n\t\t<\/div>\n\t\t\t\t\t<\/div>\n\t\t<\/section>\n\t\t\t\t<\/div>","protected":false},"excerpt":{"rendered":"<p>CONSULTOR\u00cdA DIGITAL Analizar\u00e9 tu\u00a0presencia digital\u00a0en todos los niveles, como Web, Email Marketing, Mobile, redes sociales, entre otros. Realizaremos un estudio de la competencia, para crear estrategias que atraigan m\u00e1s a tu p\u00fablico hacia tus productos y\/o servicios. NO TE QUEDES AFUERA Ser El Primer Resultado En Google Es La Clave del \u00c9xito Hoy en d\u00eda, [&hellip;]<\/p>","protected":false},"author":1,"featured_media":0,"parent":0,"menu_order":0,"comment_status":"closed","ping_status":"closed","template":"elementor_header_footer","meta":{"footnotes":""},"class_list":["post-828","page","type-page","status-publish","hentry"],"yoast_head":"<!-- This site is optimized with the Yoast SEO plugin v23.5 - https:\/\/yoast.com\/wordpress\/plugins\/seo\/ -->\n<title>Consultor\u00eda Digital - Francisco Lizarbe<\/title>\n<meta name=\"robots\" content=\"index, follow, max-snippet:-1, max-image-preview:large, max-video-preview:-1\" \/>\n<link rel=\"canonical\" href=\"https:\/\/franciscolizarbe.com\/en\/consultoria-digital\/\" \/>\n<meta property=\"og:locale\" content=\"en_US\" \/>\n<meta property=\"og:type\" content=\"article\" \/>\n<meta property=\"og:title\" content=\"Consultor\u00eda Digital - Francisco Lizarbe\" \/>\n<meta property=\"og:description\" content=\"CONSULTOR\u00cdA DIGITAL Analizar\u00e9 tu\u00a0presencia digital\u00a0en todos los niveles, como Web, Email Marketing, Mobile, redes sociales, entre otros. Realizaremos un estudio de la competencia, para crear estrategias que atraigan m\u00e1s a tu p\u00fablico hacia tus productos y\/o servicios. NO TE QUEDES AFUERA Ser El Primer Resultado En Google Es La Clave del \u00c9xito Hoy en d\u00eda, [&hellip;]\" \/>\n<meta property=\"og:url\" content=\"https:\/\/franciscolizarbe.com\/en\/consultoria-digital\/\" \/>\n<meta property=\"og:site_name\" content=\"Francisco Lizarbe\" \/>\n<meta property=\"article:modified_time\" content=\"2024-10-08T02:56:44+00:00\" \/>\n<meta property=\"og:image\" content=\"https:\/\/franciscolizarbe.com\/wp-content\/uploads\/2023\/08\/tool-card-1-1024x854.webp\" \/>\n<meta name=\"twitter:card\" content=\"summary_large_image\" \/>\n<meta name=\"twitter:label1\" content=\"Est. reading time\" \/>\n\t<meta name=\"twitter:data1\" content=\"2 minutes\" \/>\n<script type=\"application\/ld+json\" class=\"yoast-schema-graph\">{\"@context\":\"https:\/\/schema.org\",\"@graph\":[{\"@type\":\"WebPage\",\"@id\":\"https:\/\/franciscolizarbe.com\/consultoria-digital\/\",\"url\":\"https:\/\/franciscolizarbe.com\/consultoria-digital\/\",\"name\":\"Consultor\u00eda Digital - Francisco Lizarbe\",\"isPartOf\":{\"@id\":\"https:\/\/franciscolizarbe.com\/#website\"},\"primaryImageOfPage\":{\"@id\":\"https:\/\/franciscolizarbe.com\/consultoria-digital\/#primaryimage\"},\"image\":{\"@id\":\"https:\/\/franciscolizarbe.com\/consultoria-digital\/#primaryimage\"},\"thumbnailUrl\":\"https:\/\/franciscolizarbe.com\/wp-content\/uploads\/2023\/08\/tool-card-1-1024x854.webp\",\"datePublished\":\"2023-08-13T20:44:37+00:00\",\"dateModified\":\"2024-10-08T02:56:44+00:00\",\"breadcrumb\":{\"@id\":\"https:\/\/franciscolizarbe.com\/consultoria-digital\/#breadcrumb\"},\"inLanguage\":\"en-US\",\"potentialAction\":[{\"@type\":\"ReadAction\",\"target\":[\"https:\/\/franciscolizarbe.com\/consultoria-digital\/\"]}]},{\"@type\":\"ImageObject\",\"inLanguage\":\"en-US\",\"@id\":\"https:\/\/franciscolizarbe.com\/consultoria-digital\/#primaryimage\",\"url\":\"https:\/\/franciscolizarbe.com\/wp-content\/uploads\/2023\/08\/tool-card-1-1024x854.webp\",\"contentUrl\":\"https:\/\/franciscolizarbe.com\/wp-content\/uploads\/2023\/08\/tool-card-1-1024x854.webp\"},{\"@type\":\"BreadcrumbList\",\"@id\":\"https:\/\/franciscolizarbe.com\/consultoria-digital\/#breadcrumb\",\"itemListElement\":[{\"@type\":\"ListItem\",\"position\":1,\"name\":\"Home\",\"item\":\"https:\/\/franciscolizarbe.com\/\"},{\"@type\":\"ListItem\",\"position\":2,\"name\":\"Consultor\u00eda Digital\"}]},{\"@type\":\"WebSite\",\"@id\":\"https:\/\/franciscolizarbe.com\/#website\",\"url\":\"https:\/\/franciscolizarbe.com\/\",\"name\":\"Francisco Lizarbe\",\"description\":\"\",\"publisher\":{\"@id\":\"https:\/\/franciscolizarbe.com\/#\/schema\/person\/6d1a9e6ed6a4740c9d90a6b09511a56d\"},\"potentialAction\":[{\"@type\":\"SearchAction\",\"target\":{\"@type\":\"EntryPoint\",\"urlTemplate\":\"https:\/\/franciscolizarbe.com\/?s={search_term_string}\"},\"query-input\":{\"@type\":\"PropertyValueSpecification\",\"valueRequired\":true,\"valueName\":\"search_term_string\"}}],\"inLanguage\":\"en-US\"},{\"@type\":[\"Person\",\"Organization\"],\"@id\":\"https:\/\/franciscolizarbe.com\/#\/schema\/person\/6d1a9e6ed6a4740c9d90a6b09511a56d\",\"name\":\"Francisco Lizarbe\",\"image\":{\"@type\":\"ImageObject\",\"inLanguage\":\"en-US\",\"@id\":\"https:\/\/franciscolizarbe.com\/#\/schema\/person\/image\/\",\"url\":\"https:\/\/franciscolizarbe.com\/wp-content\/uploads\/2023\/07\/Recurso-1.svg\",\"contentUrl\":\"https:\/\/franciscolizarbe.com\/wp-content\/uploads\/2023\/07\/Recurso-1.svg\",\"width\":84,\"height\":92,\"caption\":\"Francisco Lizarbe\"},\"logo\":{\"@id\":\"https:\/\/franciscolizarbe.com\/#\/schema\/person\/image\/\"},\"sameAs\":[\"https:\/\/franciscolizarbe.com\"]}]}<\/script>\n<!-- \/ Yoast SEO plugin. -->","yoast_head_json":{"title":"Consultor\u00eda Digital - Francisco Lizarbe","robots":{"index":"index","follow":"follow","max-snippet":"max-snippet:-1","max-image-preview":"max-image-preview:large","max-video-preview":"max-video-preview:-1"},"canonical":"https:\/\/franciscolizarbe.com\/en\/consultoria-digital\/","og_locale":"en_US","og_type":"article","og_title":"Consultor\u00eda Digital - Francisco Lizarbe","og_description":"CONSULTOR\u00cdA DIGITAL Analizar\u00e9 tu\u00a0presencia digital\u00a0en todos los niveles, como Web, Email Marketing, Mobile, redes sociales, entre otros. Realizaremos un estudio de la competencia, para crear estrategias que atraigan m\u00e1s a tu p\u00fablico hacia tus productos y\/o servicios. NO TE QUEDES AFUERA Ser El Primer Resultado En Google Es La Clave del \u00c9xito Hoy en d\u00eda, [&hellip;]","og_url":"https:\/\/franciscolizarbe.com\/en\/consultoria-digital\/","og_site_name":"Francisco Lizarbe","article_modified_time":"2024-10-08T02:56:44+00:00","og_image":[{"url":"https:\/\/franciscolizarbe.com\/wp-content\/uploads\/2023\/08\/tool-card-1-1024x854.webp"}],"twitter_card":"summary_large_image","twitter_misc":{"Est. reading time":"2 minutes"},"schema":{"@context":"https:\/\/schema.org","@graph":[{"@type":"WebPage","@id":"https:\/\/franciscolizarbe.com\/consultoria-digital\/","url":"https:\/\/franciscolizarbe.com\/consultoria-digital\/","name":"Consultor\u00eda Digital - Francisco Lizarbe","isPartOf":{"@id":"https:\/\/franciscolizarbe.com\/#website"},"primaryImageOfPage":{"@id":"https:\/\/franciscolizarbe.com\/consultoria-digital\/#primaryimage"},"image":{"@id":"https:\/\/franciscolizarbe.com\/consultoria-digital\/#primaryimage"},"thumbnailUrl":"https:\/\/franciscolizarbe.com\/wp-content\/uploads\/2023\/08\/tool-card-1-1024x854.webp","datePublished":"2023-08-13T20:44:37+00:00","dateModified":"2024-10-08T02:56:44+00:00","breadcrumb":{"@id":"https:\/\/franciscolizarbe.com\/consultoria-digital\/#breadcrumb"},"inLanguage":"en-US","potentialAction":[{"@type":"ReadAction","target":["https:\/\/franciscolizarbe.com\/consultoria-digital\/"]}]},{"@type":"ImageObject","inLanguage":"en-US","@id":"https:\/\/franciscolizarbe.com\/consultoria-digital\/#primaryimage","url":"https:\/\/franciscolizarbe.com\/wp-content\/uploads\/2023\/08\/tool-card-1-1024x854.webp","contentUrl":"https:\/\/franciscolizarbe.com\/wp-content\/uploads\/2023\/08\/tool-card-1-1024x854.webp"},{"@type":"BreadcrumbList","@id":"https:\/\/franciscolizarbe.com\/consultoria-digital\/#breadcrumb","itemListElement":[{"@type":"ListItem","position":1,"name":"Home","item":"https:\/\/franciscolizarbe.com\/"},{"@type":"ListItem","position":2,"name":"Consultor\u00eda Digital"}]},{"@type":"WebSite","@id":"https:\/\/franciscolizarbe.com\/#website","url":"https:\/\/franciscolizarbe.com\/","name":"Francisco Lizarbe","description":"","publisher":{"@id":"https:\/\/franciscolizarbe.com\/#\/schema\/person\/6d1a9e6ed6a4740c9d90a6b09511a56d"},"potentialAction":[{"@type":"SearchAction","target":{"@type":"EntryPoint","urlTemplate":"https:\/\/franciscolizarbe.com\/?s={search_term_string}"},"query-input":{"@type":"PropertyValueSpecification","valueRequired":true,"valueName":"search_term_string"}}],"inLanguage":"en-US"},{"@type":["Person","Organization"],"@id":"https:\/\/franciscolizarbe.com\/#\/schema\/person\/6d1a9e6ed6a4740c9d90a6b09511a56d","name":"Francisco Lizarbe","image":{"@type":"ImageObject","inLanguage":"en-US","@id":"https:\/\/franciscolizarbe.com\/#\/schema\/person\/image\/","url":"https:\/\/franciscolizarbe.com\/wp-content\/uploads\/2023\/07\/Recurso-1.svg","contentUrl":"https:\/\/franciscolizarbe.com\/wp-content\/uploads\/2023\/07\/Recurso-1.svg","width":84,"height":92,"caption":"Francisco Lizarbe"},"logo":{"@id":"https:\/\/franciscolizarbe.com\/#\/schema\/person\/image\/"},"sameAs":["https:\/\/franciscolizarbe.com"]}]}},"_links":{"self":[{"href":"https:\/\/franciscolizarbe.com\/en\/wp-json\/wp\/v2\/pages\/828"}],"collection":[{"href":"https:\/\/franciscolizarbe.com\/en\/wp-json\/wp\/v2\/pages"}],"about":[{"href":"https:\/\/franciscolizarbe.com\/en\/wp-json\/wp\/v2\/types\/page"}],"author":[{"embeddable":true,"href":"https:\/\/franciscolizarbe.com\/en\/wp-json\/wp\/v2\/users\/1"}],"replies":[{"embeddable":true,"href":"https:\/\/franciscolizarbe.com\/en\/wp-json\/wp\/v2\/comments?post=828"}],"version-history":[{"count":116,"href":"https:\/\/franciscolizarbe.com\/en\/wp-json\/wp\/v2\/pages\/828\/revisions"}],"predecessor-version":[{"id":2433,"href":"https:\/\/franciscolizarbe.com\/en\/wp-json\/wp\/v2\/pages\/828\/revisions\/2433"}],"wp:attachment":[{"href":"https:\/\/franciscolizarbe.com\/en\/wp-json\/wp\/v2\/media?parent=828"}],"curies":[{"name":"wp","href":"https:\/\/api.w.org\/{rel}","templated":true}]}}